{"id":97,"date":"2020-06-27T14:45:15","date_gmt":"2020-06-27T12:45:15","guid":{"rendered":"http:\/\/localhost\/ambruz\/?page_id=97"},"modified":"2023-02-05T11:40:47","modified_gmt":"2023-02-05T10:40:47","slug":"kontakt","status":"publish","type":"page","link":"https:\/\/ambruz.com\/en\/kontakt\/","title":{"rendered":"Where do you find me"},"content":{"rendered":"\n<p class=\"has-text-align-center\">Mostly in Prague, but we may discuss to meet anywhere in the Czech Republic or England.<\/p>\n\n\n\n<div style=\"height:20px\" aria-hidden=\"true\" class=\"wp-block-spacer\"><\/div>\n\n\n\n<div style=\"height:30px\" aria-hidden=\"true\" class=\"wp-block-spacer\"><\/div>\n\n\n\n<p class=\"has-text-align-center\">Address: Pr\u016fb\u011b\u017en\u00e1 20, 250 66 Zdiby, Czech Republic<\/p>\n\n\n\n<div style=\"height:30px\" aria-hidden=\"true\" class=\"wp-block-spacer\"><\/div>\n\n\n\n<div class=\"wp-container-4 wp-block-group contact-cards\"><div class=\"wp-block-group__inner-container\">\n<div class=\"wp-container-3 wp-block-columns\">\n<div class=\"wp-container-1 wp-block-column\">\n<i class=\"icon_phone\"><\/i>\n\n\n\n<p style=\"font-size:12.5px\">Phone: <a href=\"tel:+420777048748\">+420 777 048 748<\/a><\/p>\n\n\n\n<p style=\"font-size:12.5px\">Email: <a href=\"mailto:ambruz@ambruz.com\">ambruz@ambruz.com<\/a><\/p>\n<\/div>\n\n\n\n<div class=\"wp-container-2 wp-block-column\">\n<i class=\"icon_pencil-edit\"><\/i>\n\n\n\n<p style=\"font-size:12.5px\">Business ID: 08563900<br>Czech Bar Association reg. no.: 50281<br>SRA ID No.: 554543<\/p>\n<\/div>\n<\/div>\n<\/div><\/div>\n\n\n\n<div style=\"height:50px\" aria-hidden=\"true\" class=\"wp-block-spacer\"><\/div>\n\n\n\n<hr class=\"wp-block-separator is-style-wide\"\/>\n\n\n\n<div style=\"height:30px\" aria-hidden=\"true\" class=\"wp-block-spacer\"><\/div>\n\n\n\n<p class=\"has-text-align-center\">Vladimir Ambruz, LL.M. et LL.M. is registered as a Registered European Lawyer in the list of lawyers maintained by the Czech Bar Association under No. 50281<br>and in the list of Solicitors of England and Wales maintained by the Solicitors Regulation Authority under no. No. 554543.<\/p>\n\n\n\n<p><\/p>\n\n\n\n<div style=\"height:30px\" aria-hidden=\"true\" class=\"wp-block-spacer\"><\/div>\n","protected":false},"excerpt":{"rendered":"<p>Mostly in Prague, but we may discuss to meet anywhere in the Czech Republic or England. Address: Pr\u016fb\u011b\u017en\u00e1 20, 250 66 Zdiby, Czech Republic Phone: +420 777 048 748 Email: ambruz@ambruz.com Business ID: 08563900Czech Bar Association reg. no.: 50281SRA ID No.: 554543 Vladimir Ambruz, LL.M. et LL.M. is registered as a Registered European Lawyer in [&hellip;]<\/p>\n","protected":false},"author":3,"featured_media":0,"parent":0,"menu_order":4,"comment_status":"closed","ping_status":"closed","template":"","meta":{"_themeisle_gutenberg_block_has_review":false},"_links":{"self":[{"href":"https:\/\/ambruz.com\/en\/wp-json\/wp\/v2\/pages\/97"}],"collection":[{"href":"https:\/\/ambruz.com\/en\/wp-json\/wp\/v2\/pages"}],"about":[{"href":"https:\/\/ambruz.com\/en\/wp-json\/wp\/v2\/types\/page"}],"author":[{"embeddable":true,"href":"https:\/\/ambruz.com\/en\/wp-json\/wp\/v2\/users\/3"}],"replies":[{"embeddable":true,"href":"https:\/\/ambruz.com\/en\/wp-json\/wp\/v2\/comments?post=97"}],"version-history":[{"count":74,"href":"https:\/\/ambruz.com\/en\/wp-json\/wp\/v2\/pages\/97\/revisions"}],"predecessor-version":[{"id":651,"href":"https:\/\/ambruz.com\/en\/wp-json\/wp\/v2\/pages\/97\/revisions\/651"}],"wp:attachment":[{"href":"https:\/\/ambruz.com\/en\/wp-json\/wp\/v2\/media?parent=97"}],"curies":[{"name":"wp","href":"https:\/\/api.w.org\/{rel}","templated":true}]}}